{"id":4670,"date":"2018-12-26T09:05:53","date_gmt":"2018-12-26T09:05:53","guid":{"rendered":"http:\/\/presco.organicecommerce.com\/?page_id=4670"},"modified":"2018-12-30T19:19:51","modified_gmt":"2018-12-30T19:19:51","slug":"french","status":"publish","type":"page","link":"https:\/\/bd.presco-radiator-caps.com\/index.php\/french\/","title":{"rendered":"French"},"content":{"rendered":"\n<style type=\"text\/css\" data-created_by=\"avia_inline_auto\" id=\"style-css-av-av_one_full-25347b0a799d5b9f7058434b2a9c3182\">\n.flex_column.av-av_one_full-25347b0a799d5b9f7058434b2a9c3182{\n-webkit-border-radius:0px 0px 0px 0px;\n-moz-border-radius:0px 0px 0px 0px;\nborder-radius:0px 0px 0px 0px;\npadding:0px 0px 0px 0px;\n}\n<\/style>\n<div class='flex_column av-av_one_full-25347b0a799d5b9f7058434b2a9c3182 av_one_full  avia-builder-el-0  avia-builder-el-no-sibling  first flex_column_div av-zero-column-padding '     ><p>\n<style type=\"text\/css\" data-created_by=\"avia_inline_auto\" id=\"style-css-av-jq4yfbih-68a135b82c997305e6c5633e53d2fdfd\">\n#top .av-special-heading.av-jq4yfbih-68a135b82c997305e6c5633e53d2fdfd{\npadding-bottom:10px;\n}\nbody .av-special-heading.av-jq4yfbih-68a135b82c997305e6c5633e53d2fdfd .av-special-heading-tag .heading-char{\nfont-size:25px;\n}\n.av-special-heading.av-jq4yfbih-68a135b82c997305e6c5633e53d2fdfd .av-subheading{\nfont-size:15px;\n}\n<\/style>\n<div  class='av-special-heading av-jq4yfbih-68a135b82c997305e6c5633e53d2fdfd av-special-heading-h3  avia-builder-el-1  el_before_av_textblock  avia-builder-el-first '><h3 class='av-special-heading-tag'  itemprop=\"headline\"  >French<\/h3><div class=\"special-heading-border\"><div class=\"special-heading-inner-border\"><\/div><\/div><\/div><br \/>\n<section  class='av_textblock_section av-jq4yez4q-1f31d43302245bcbaa306dbc387c076b'  itemscope=\"itemscope\" itemtype=\"https:\/\/schema.org\/CreativeWork\" ><div class='avia_textblock'  itemprop=\"text\" ><p style=\"font-weight: 400;\">La Soci\u00e9t\u00e9 Presco fabrique des bouchons de radiateur depuis plus que 30 ans et elle est le fournisseur principal dans le march\u00e9 de rechange au Royaume-Uni. Tous les types de bouchons sont fournis pour des applications diff\u00e9rentes; en poids lourds, en voitures particuli\u00e8re, aux compresseurs, et \u00e9galement pour le march\u00e9 du bricolage.<\/p>\n<p style=\"font-weight: 400;\">\u00a0Les proc\u00e9dures de contr\u00f4le les plus strictes sont appliqu\u00e9es dans les processus diff\u00e9rentes de fabrication, incluant des contr\u00f4les a 100%, en ce qui concerne les syst\u00e8mes de s\u00e9curit\u00e9 (pour l&#8217;\u00e9vacuation des pressions trop fortes), pour les poids lourds.<\/p>\n<p style=\"font-weight: 400;\">\u00a0Etudes &#8211; CAD, conception d&#8217;outillage, design, d\u00e9veloppement des nouvelles applications peuvent \u00eatre entrepris. Demandes sp\u00e9cifiques de la client\u00e8le concernant l&#8217;identit\u00e9 du produit ou son aspect visuel peuvent \u00eatre \u00e9galement r\u00e9alis\u00e9es sur demande.<\/p>\n<\/div><\/section><\/p><\/div>\n","protected":false},"excerpt":{"rendered":"","protected":false},"author":1,"featured_media":0,"parent":0,"menu_order":0,"comment_status":"closed","ping_status":"closed","template":"","meta":{"footnotes":""},"class_list":["post-4670","page","type-page","status-publish","hentry"],"yoast_head":"<!-- This site is optimized with the Yoast SEO plugin v27.3 - https:\/\/yoast.com\/product\/yoast-seo-wordpress\/ -->\n<title>French - Presco Radiator Caps<\/title>\n<meta name=\"robots\" content=\"noindex, follow, max-snippet:-1, max-image-preview:large, max-video-preview:-1\" \/>\n<meta property=\"og:locale\" content=\"en_US\" \/>\n<meta property=\"og:type\" content=\"article\" \/>\n<meta property=\"og:title\" content=\"French - Presco Radiator Caps\" \/>\n<meta property=\"og:url\" content=\"https:\/\/bd.presco-radiator-caps.com\/index.php\/french\/\" \/>\n<meta property=\"og:site_name\" content=\"Presco Radiator Caps\" \/>\n<meta property=\"article:modified_time\" content=\"2018-12-30T19:19:51+00:00\" \/>\n<meta name=\"twitter:card\" content=\"summary_large_image\" \/>\n<meta name=\"twitter:label1\" content=\"Est. reading time\" \/>\n\t<meta name=\"twitter:data1\" content=\"2 minutes\" \/>\n<script type=\"application\/ld+json\" class=\"yoast-schema-graph\">{\"@context\":\"https:\\\/\\\/schema.org\",\"@graph\":[{\"@type\":\"WebPage\",\"@id\":\"https:\\\/\\\/bd.presco-radiator-caps.com\\\/index.php\\\/french\\\/\",\"url\":\"https:\\\/\\\/bd.presco-radiator-caps.com\\\/index.php\\\/french\\\/\",\"name\":\"French - Presco Radiator Caps\",\"isPartOf\":{\"@id\":\"https:\\\/\\\/bd.presco-radiator-caps.com\\\/#website\"},\"datePublished\":\"2018-12-26T09:05:53+00:00\",\"dateModified\":\"2018-12-30T19:19:51+00:00\",\"breadcrumb\":{\"@id\":\"https:\\\/\\\/bd.presco-radiator-caps.com\\\/index.php\\\/french\\\/#breadcrumb\"},\"inLanguage\":\"en-US\",\"potentialAction\":[{\"@type\":\"ReadAction\",\"target\":[\"https:\\\/\\\/bd.presco-radiator-caps.com\\\/index.php\\\/french\\\/\"]}]},{\"@type\":\"BreadcrumbList\",\"@id\":\"https:\\\/\\\/bd.presco-radiator-caps.com\\\/index.php\\\/french\\\/#breadcrumb\",\"itemListElement\":[{\"@type\":\"ListItem\",\"position\":1,\"name\":\"Home\",\"item\":\"https:\\\/\\\/bd.presco-radiator-caps.com\\\/\"},{\"@type\":\"ListItem\",\"position\":2,\"name\":\"French\"}]},{\"@type\":\"WebSite\",\"@id\":\"https:\\\/\\\/bd.presco-radiator-caps.com\\\/#website\",\"url\":\"https:\\\/\\\/bd.presco-radiator-caps.com\\\/\",\"name\":\"Presco Radiator Caps\",\"description\":\"\",\"publisher\":{\"@id\":\"https:\\\/\\\/bd.presco-radiator-caps.com\\\/#organization\"},\"potentialAction\":[{\"@type\":\"SearchAction\",\"target\":{\"@type\":\"EntryPoint\",\"urlTemplate\":\"https:\\\/\\\/bd.presco-radiator-caps.com\\\/?s={search_term_string}\"},\"query-input\":{\"@type\":\"PropertyValueSpecification\",\"valueRequired\":true,\"valueName\":\"search_term_string\"}}],\"inLanguage\":\"en-US\"},{\"@type\":\"Organization\",\"@id\":\"https:\\\/\\\/bd.presco-radiator-caps.com\\\/#organization\",\"name\":\"Presco Radiator Caps\",\"url\":\"https:\\\/\\\/bd.presco-radiator-caps.com\\\/\",\"logo\":{\"@type\":\"ImageObject\",\"inLanguage\":\"en-US\",\"@id\":\"https:\\\/\\\/bd.presco-radiator-caps.com\\\/#\\\/schema\\\/logo\\\/image\\\/\",\"url\":\"https:\\\/\\\/bd.presco-radiator-caps.com\\\/wp-content\\\/uploads\\\/2024\\\/06\\\/logo.jpeg\",\"contentUrl\":\"https:\\\/\\\/bd.presco-radiator-caps.com\\\/wp-content\\\/uploads\\\/2024\\\/06\\\/logo.jpeg\",\"width\":1000,\"height\":412,\"caption\":\"Presco Radiator Caps\"},\"image\":{\"@id\":\"https:\\\/\\\/bd.presco-radiator-caps.com\\\/#\\\/schema\\\/logo\\\/image\\\/\"}}]}<\/script>\n<!-- \/ Yoast SEO plugin. -->","yoast_head_json":{"title":"French - Presco Radiator Caps","robots":{"index":"noindex","follow":"follow","max-snippet":"max-snippet:-1","max-image-preview":"max-image-preview:large","max-video-preview":"max-video-preview:-1"},"og_locale":"en_US","og_type":"article","og_title":"French - Presco Radiator Caps","og_url":"https:\/\/bd.presco-radiator-caps.com\/index.php\/french\/","og_site_name":"Presco Radiator Caps","article_modified_time":"2018-12-30T19:19:51+00:00","twitter_card":"summary_large_image","twitter_misc":{"Est. reading time":"2 minutes"},"schema":{"@context":"https:\/\/schema.org","@graph":[{"@type":"WebPage","@id":"https:\/\/bd.presco-radiator-caps.com\/index.php\/french\/","url":"https:\/\/bd.presco-radiator-caps.com\/index.php\/french\/","name":"French - Presco Radiator Caps","isPartOf":{"@id":"https:\/\/bd.presco-radiator-caps.com\/#website"},"datePublished":"2018-12-26T09:05:53+00:00","dateModified":"2018-12-30T19:19:51+00:00","breadcrumb":{"@id":"https:\/\/bd.presco-radiator-caps.com\/index.php\/french\/#breadcrumb"},"inLanguage":"en-US","potentialAction":[{"@type":"ReadAction","target":["https:\/\/bd.presco-radiator-caps.com\/index.php\/french\/"]}]},{"@type":"BreadcrumbList","@id":"https:\/\/bd.presco-radiator-caps.com\/index.php\/french\/#breadcrumb","itemListElement":[{"@type":"ListItem","position":1,"name":"Home","item":"https:\/\/bd.presco-radiator-caps.com\/"},{"@type":"ListItem","position":2,"name":"French"}]},{"@type":"WebSite","@id":"https:\/\/bd.presco-radiator-caps.com\/#website","url":"https:\/\/bd.presco-radiator-caps.com\/","name":"Presco Radiator Caps","description":"","publisher":{"@id":"https:\/\/bd.presco-radiator-caps.com\/#organization"},"potentialAction":[{"@type":"SearchAction","target":{"@type":"EntryPoint","urlTemplate":"https:\/\/bd.presco-radiator-caps.com\/?s={search_term_string}"},"query-input":{"@type":"PropertyValueSpecification","valueRequired":true,"valueName":"search_term_string"}}],"inLanguage":"en-US"},{"@type":"Organization","@id":"https:\/\/bd.presco-radiator-caps.com\/#organization","name":"Presco Radiator Caps","url":"https:\/\/bd.presco-radiator-caps.com\/","logo":{"@type":"ImageObject","inLanguage":"en-US","@id":"https:\/\/bd.presco-radiator-caps.com\/#\/schema\/logo\/image\/","url":"https:\/\/bd.presco-radiator-caps.com\/wp-content\/uploads\/2024\/06\/logo.jpeg","contentUrl":"https:\/\/bd.presco-radiator-caps.com\/wp-content\/uploads\/2024\/06\/logo.jpeg","width":1000,"height":412,"caption":"Presco Radiator Caps"},"image":{"@id":"https:\/\/bd.presco-radiator-caps.com\/#\/schema\/logo\/image\/"}}]}},"_links":{"self":[{"href":"https:\/\/bd.presco-radiator-caps.com\/index.php\/wp-json\/wp\/v2\/pages\/4670","targetHints":{"allow":["GET"]}}],"collection":[{"href":"https:\/\/bd.presco-radiator-caps.com\/index.php\/wp-json\/wp\/v2\/pages"}],"about":[{"href":"https:\/\/bd.presco-radiator-caps.com\/index.php\/wp-json\/wp\/v2\/types\/page"}],"author":[{"embeddable":true,"href":"https:\/\/bd.presco-radiator-caps.com\/index.php\/wp-json\/wp\/v2\/users\/1"}],"replies":[{"embeddable":true,"href":"https:\/\/bd.presco-radiator-caps.com\/index.php\/wp-json\/wp\/v2\/comments?post=4670"}],"version-history":[{"count":1,"href":"https:\/\/bd.presco-radiator-caps.com\/index.php\/wp-json\/wp\/v2\/pages\/4670\/revisions"}],"predecessor-version":[{"id":4671,"href":"https:\/\/bd.presco-radiator-caps.com\/index.php\/wp-json\/wp\/v2\/pages\/4670\/revisions\/4671"}],"wp:attachment":[{"href":"https:\/\/bd.presco-radiator-caps.com\/index.php\/wp-json\/wp\/v2\/media?parent=4670"}],"curies":[{"name":"wp","href":"https:\/\/api.w.org\/{rel}","templated":true}]}}