{"id":4646,"date":"2018-12-26T08:55:26","date_gmt":"2018-12-26T08:55:26","guid":{"rendered":"http:\/\/presco.organicecommerce.com\/?page_id=4646"},"modified":"2018-12-30T19:14:36","modified_gmt":"2018-12-30T19:14:36","slug":"4646-2","status":"publish","type":"page","link":"https:\/\/bd.presco-radiator-caps.com\/index.php\/4646-2\/","title":{"rendered":"Deutsch"},"content":{"rendered":"\n<style type=\"text\/css\" data-created_by=\"avia_inline_auto\" id=\"style-css-av-jq4y1r2i-2290eaf69f58d4bf67399e231db09d60\">\n#top .av-special-heading.av-jq4y1r2i-2290eaf69f58d4bf67399e231db09d60{\npadding-bottom:10px;\n}\nbody .av-special-heading.av-jq4y1r2i-2290eaf69f58d4bf67399e231db09d60 .av-special-heading-tag .heading-char{\nfont-size:25px;\n}\n.av-special-heading.av-jq4y1r2i-2290eaf69f58d4bf67399e231db09d60 .av-subheading{\nfont-size:15px;\n}\n<\/style>\n<div  class='av-special-heading av-jq4y1r2i-2290eaf69f58d4bf67399e231db09d60 av-special-heading-h3  avia-builder-el-0  el_before_av_one_full  avia-builder-el-first '><h3 class='av-special-heading-tag'  itemprop=\"headline\"  >Deutsch<\/h3><div class=\"special-heading-border\"><div class=\"special-heading-inner-border\"><\/div><\/div><\/div>\n\n<style type=\"text\/css\" data-created_by=\"avia_inline_auto\" id=\"style-css-av-av_one_full-25347b0a799d5b9f7058434b2a9c3182\">\n.flex_column.av-av_one_full-25347b0a799d5b9f7058434b2a9c3182{\n-webkit-border-radius:0px 0px 0px 0px;\n-moz-border-radius:0px 0px 0px 0px;\nborder-radius:0px 0px 0px 0px;\npadding:0px 0px 0px 0px;\n}\n<\/style>\n<div class='flex_column av-av_one_full-25347b0a799d5b9f7058434b2a9c3182 av_one_full  avia-builder-el-1  el_after_av_heading  avia-builder-el-last  first flex_column_div av-zero-column-padding '     ><section  class='av_textblock_section av-jq4y0vv2-1f04b46df0c69f17a69075af83983153'  itemscope=\"itemscope\" itemtype=\"https:\/\/schema.org\/CreativeWork\" ><div class='avia_textblock'  itemprop=\"text\" ><p><span lang=\"DE\"><span style=\"color: #474785; font-size: small;\">Presco stellt seit \u00fcber 30 Jahren K\u00fchlerverschl\u00fcsse her und ist in Grosbritannien der f\u00fchrende Lieferant an den Ertsatzteilmarkt. Die Firma liefert sowohl Rund- als auch Fl\u00fcgelverschl\u00fcsse an die Transportfahrzeug-, PKW-, Kompressoren- und Haushalts-DIY-Industrien.<\/span><\/span><\/p>\n<p><span lang=\"DE\"><span style=\"color: #474785; font-size: small;\">F\u00fcr die Herstellungsprozesse werden umfassende Quallit\u00e4tskontrollverfahren eingesetzt, einschliesslich einer 100%-gen Druckentlastungspr\u00fcfung aller K\u00fchlerverschl\u00fcsse f\u00fcr Transportfahrzeuge.<\/span><\/span><\/p>\n<p><span lang=\"DE\"><span style=\"color: #474785; font-size: small;\">Betriebsinterne technische Kompetenzen umfassen CAD, CAM,\u00a0<\/span><\/span><span lang=\"DE\"><span style=\"font-size: small;\">Drahterodieren<\/span><\/span><span lang=\"DE\"><span style=\"color: #474785; font-size: small;\">\u00a0und Werkzeugproduktionsanlagen die Entwicklung und Konstruktion von neuen Anwendungen erm\u00f6glichen. Individuelle Kundenanf\u00f6rderungen betreffs Produktidentit\u00e4t und \u00e4ussere Erscheinung k\u00f6nnen ebenfalls auf Anforderung erf\u00fcllt werden<\/span><\/span><\/p>\n<\/div><\/section><\/div>\n","protected":false},"excerpt":{"rendered":"","protected":false},"author":1,"featured_media":0,"parent":0,"menu_order":0,"comment_status":"closed","ping_status":"closed","template":"","meta":{"footnotes":""},"class_list":["post-4646","page","type-page","status-publish","hentry"],"yoast_head":"<!-- This site is optimized with the Yoast SEO plugin v27.3 - https:\/\/yoast.com\/product\/yoast-seo-wordpress\/ -->\n<title>Deutsch - Presco Radiator Caps<\/title>\n<meta name=\"robots\" content=\"noindex, follow, max-snippet:-1, max-image-preview:large, max-video-preview:-1\" \/>\n<meta property=\"og:locale\" content=\"en_US\" \/>\n<meta property=\"og:type\" content=\"article\" \/>\n<meta property=\"og:title\" content=\"Deutsch - Presco Radiator Caps\" \/>\n<meta property=\"og:url\" content=\"https:\/\/bd.presco-radiator-caps.com\/index.php\/4646-2\/\" \/>\n<meta property=\"og:site_name\" content=\"Presco Radiator Caps\" \/>\n<meta property=\"article:modified_time\" content=\"2018-12-30T19:14:36+00:00\" \/>\n<meta name=\"twitter:card\" content=\"summary_large_image\" \/>\n<meta name=\"twitter:label1\" content=\"Est. reading time\" \/>\n\t<meta name=\"twitter:data1\" content=\"1 minute\" \/>\n<script type=\"application\/ld+json\" class=\"yoast-schema-graph\">{\"@context\":\"https:\\\/\\\/schema.org\",\"@graph\":[{\"@type\":\"WebPage\",\"@id\":\"https:\\\/\\\/bd.presco-radiator-caps.com\\\/index.php\\\/4646-2\\\/\",\"url\":\"https:\\\/\\\/bd.presco-radiator-caps.com\\\/index.php\\\/4646-2\\\/\",\"name\":\"Deutsch - Presco Radiator Caps\",\"isPartOf\":{\"@id\":\"https:\\\/\\\/bd.presco-radiator-caps.com\\\/#website\"},\"datePublished\":\"2018-12-26T08:55:26+00:00\",\"dateModified\":\"2018-12-30T19:14:36+00:00\",\"breadcrumb\":{\"@id\":\"https:\\\/\\\/bd.presco-radiator-caps.com\\\/index.php\\\/4646-2\\\/#breadcrumb\"},\"inLanguage\":\"en-US\",\"potentialAction\":[{\"@type\":\"ReadAction\",\"target\":[\"https:\\\/\\\/bd.presco-radiator-caps.com\\\/index.php\\\/4646-2\\\/\"]}]},{\"@type\":\"BreadcrumbList\",\"@id\":\"https:\\\/\\\/bd.presco-radiator-caps.com\\\/index.php\\\/4646-2\\\/#breadcrumb\",\"itemListElement\":[{\"@type\":\"ListItem\",\"position\":1,\"name\":\"Home\",\"item\":\"https:\\\/\\\/bd.presco-radiator-caps.com\\\/\"},{\"@type\":\"ListItem\",\"position\":2,\"name\":\"Deutsch\"}]},{\"@type\":\"WebSite\",\"@id\":\"https:\\\/\\\/bd.presco-radiator-caps.com\\\/#website\",\"url\":\"https:\\\/\\\/bd.presco-radiator-caps.com\\\/\",\"name\":\"Presco Radiator Caps\",\"description\":\"\",\"publisher\":{\"@id\":\"https:\\\/\\\/bd.presco-radiator-caps.com\\\/#organization\"},\"potentialAction\":[{\"@type\":\"SearchAction\",\"target\":{\"@type\":\"EntryPoint\",\"urlTemplate\":\"https:\\\/\\\/bd.presco-radiator-caps.com\\\/?s={search_term_string}\"},\"query-input\":{\"@type\":\"PropertyValueSpecification\",\"valueRequired\":true,\"valueName\":\"search_term_string\"}}],\"inLanguage\":\"en-US\"},{\"@type\":\"Organization\",\"@id\":\"https:\\\/\\\/bd.presco-radiator-caps.com\\\/#organization\",\"name\":\"Presco Radiator Caps\",\"url\":\"https:\\\/\\\/bd.presco-radiator-caps.com\\\/\",\"logo\":{\"@type\":\"ImageObject\",\"inLanguage\":\"en-US\",\"@id\":\"https:\\\/\\\/bd.presco-radiator-caps.com\\\/#\\\/schema\\\/logo\\\/image\\\/\",\"url\":\"https:\\\/\\\/bd.presco-radiator-caps.com\\\/wp-content\\\/uploads\\\/2024\\\/06\\\/logo.jpeg\",\"contentUrl\":\"https:\\\/\\\/bd.presco-radiator-caps.com\\\/wp-content\\\/uploads\\\/2024\\\/06\\\/logo.jpeg\",\"width\":1000,\"height\":412,\"caption\":\"Presco Radiator Caps\"},\"image\":{\"@id\":\"https:\\\/\\\/bd.presco-radiator-caps.com\\\/#\\\/schema\\\/logo\\\/image\\\/\"}}]}<\/script>\n<!-- \/ Yoast SEO plugin. -->","yoast_head_json":{"title":"Deutsch - Presco Radiator Caps","robots":{"index":"noindex","follow":"follow","max-snippet":"max-snippet:-1","max-image-preview":"max-image-preview:large","max-video-preview":"max-video-preview:-1"},"og_locale":"en_US","og_type":"article","og_title":"Deutsch - Presco Radiator Caps","og_url":"https:\/\/bd.presco-radiator-caps.com\/index.php\/4646-2\/","og_site_name":"Presco Radiator Caps","article_modified_time":"2018-12-30T19:14:36+00:00","twitter_card":"summary_large_image","twitter_misc":{"Est. reading time":"1 minute"},"schema":{"@context":"https:\/\/schema.org","@graph":[{"@type":"WebPage","@id":"https:\/\/bd.presco-radiator-caps.com\/index.php\/4646-2\/","url":"https:\/\/bd.presco-radiator-caps.com\/index.php\/4646-2\/","name":"Deutsch - Presco Radiator Caps","isPartOf":{"@id":"https:\/\/bd.presco-radiator-caps.com\/#website"},"datePublished":"2018-12-26T08:55:26+00:00","dateModified":"2018-12-30T19:14:36+00:00","breadcrumb":{"@id":"https:\/\/bd.presco-radiator-caps.com\/index.php\/4646-2\/#breadcrumb"},"inLanguage":"en-US","potentialAction":[{"@type":"ReadAction","target":["https:\/\/bd.presco-radiator-caps.com\/index.php\/4646-2\/"]}]},{"@type":"BreadcrumbList","@id":"https:\/\/bd.presco-radiator-caps.com\/index.php\/4646-2\/#breadcrumb","itemListElement":[{"@type":"ListItem","position":1,"name":"Home","item":"https:\/\/bd.presco-radiator-caps.com\/"},{"@type":"ListItem","position":2,"name":"Deutsch"}]},{"@type":"WebSite","@id":"https:\/\/bd.presco-radiator-caps.com\/#website","url":"https:\/\/bd.presco-radiator-caps.com\/","name":"Presco Radiator Caps","description":"","publisher":{"@id":"https:\/\/bd.presco-radiator-caps.com\/#organization"},"potentialAction":[{"@type":"SearchAction","target":{"@type":"EntryPoint","urlTemplate":"https:\/\/bd.presco-radiator-caps.com\/?s={search_term_string}"},"query-input":{"@type":"PropertyValueSpecification","valueRequired":true,"valueName":"search_term_string"}}],"inLanguage":"en-US"},{"@type":"Organization","@id":"https:\/\/bd.presco-radiator-caps.com\/#organization","name":"Presco Radiator Caps","url":"https:\/\/bd.presco-radiator-caps.com\/","logo":{"@type":"ImageObject","inLanguage":"en-US","@id":"https:\/\/bd.presco-radiator-caps.com\/#\/schema\/logo\/image\/","url":"https:\/\/bd.presco-radiator-caps.com\/wp-content\/uploads\/2024\/06\/logo.jpeg","contentUrl":"https:\/\/bd.presco-radiator-caps.com\/wp-content\/uploads\/2024\/06\/logo.jpeg","width":1000,"height":412,"caption":"Presco Radiator Caps"},"image":{"@id":"https:\/\/bd.presco-radiator-caps.com\/#\/schema\/logo\/image\/"}}]}},"_links":{"self":[{"href":"https:\/\/bd.presco-radiator-caps.com\/index.php\/wp-json\/wp\/v2\/pages\/4646","targetHints":{"allow":["GET"]}}],"collection":[{"href":"https:\/\/bd.presco-radiator-caps.com\/index.php\/wp-json\/wp\/v2\/pages"}],"about":[{"href":"https:\/\/bd.presco-radiator-caps.com\/index.php\/wp-json\/wp\/v2\/types\/page"}],"author":[{"embeddable":true,"href":"https:\/\/bd.presco-radiator-caps.com\/index.php\/wp-json\/wp\/v2\/users\/1"}],"replies":[{"embeddable":true,"href":"https:\/\/bd.presco-radiator-caps.com\/index.php\/wp-json\/wp\/v2\/comments?post=4646"}],"version-history":[{"count":2,"href":"https:\/\/bd.presco-radiator-caps.com\/index.php\/wp-json\/wp\/v2\/pages\/4646\/revisions"}],"predecessor-version":[{"id":4648,"href":"https:\/\/bd.presco-radiator-caps.com\/index.php\/wp-json\/wp\/v2\/pages\/4646\/revisions\/4648"}],"wp:attachment":[{"href":"https:\/\/bd.presco-radiator-caps.com\/index.php\/wp-json\/wp\/v2\/media?parent=4646"}],"curies":[{"name":"wp","href":"https:\/\/api.w.org\/{rel}","templated":true}]}}